{"id":557,"date":"2020-04-11T15:35:52","date_gmt":"2020-04-11T15:35:52","guid":{"rendered":"https:\/\/torrington.com.ar\/blog\/disclaimer\/"},"modified":"2020-04-11T15:38:30","modified_gmt":"2020-04-11T15:38:30","slug":"descargoresponsabilidad","status":"publish","type":"page","link":"https:\/\/torrington.com.ar\/blog\/descargoresponsabilidad\/","title":{"rendered":"Descargo de Responsabilidad"},"content":{"rendered":"<h1 style=\"margin: 0cm 0cm 13.5pt; background-image: initial; background-position: initial; background-size: initial; background-repeat: initial; background-attachment: initial; background-origin: initial; background-clip: initial;\"><span style=\"margin: 0cm 0cm 13.5pt; background-image: initial; background-position: initial; background-size: initial; background-repeat: initial; background-attachment: initial; background-origin: initial; background-clip: initial;\">Si necesita m\u00e1s informaci\u00f3n o tiene alguna pregunta sobre el descargo de responsabilidad de nuestro sitio, no dude en contactarnos por correo electr\u00f3nico a &#x6d;&#97;r&#x6b;&#101;t&#x69;&#x6e;g&#x40;&#x67;&#105;a&#x63;&#111;m&#x69;&#x6e;o&#x2e;&#x63;&#111;m&#x2e;&#97;r<\/span><br><\/h1><h2 style=\"margin: 0cm 0cm 13.5pt; background-image: initial; background-position: initial; background-size: initial; background-repeat: initial; background-attachment: initial; background-origin: initial; background-clip: initial; box-sizing: border-box;\"><span style=\"font-size:12.0pt;font-family:\" helvetica=\"\" neue\",\"sans-serif\";color:#666666;font-weight:normal\"=\"\">Renuncias para Torrington Refrigerantes<o:p><\/o:p><\/span><\/h2><p style=\"margin: 0cm 0cm 15pt; background-image: initial; background-position: initial; background-size: initial; background-repeat: initial; background-attachment: initial; background-origin: initial; background-clip: initial; box-sizing: border-box;\"><span style=\"font-size:10.5pt;font-family:\" helvetica=\"\" neue\",\"sans-serif\";color:#666666\"=\"\">Toda la informaci\u00f3n en este sitio web -https:\/\/torrington.com.ar\/blog\/inicio\/ - se publica de buena fe y solo confines de informaci\u00f3n general.&nbsp;torrington refrigerantes no ofrece ninguna garant\u00eda sobre la integridad, confiabilidad y precisi\u00f3n de esta informaci\u00f3n.&nbsp;Cualquier acci\u00f3n que tome sobre la informaci\u00f3n que encuentre en este sitio web (torrington refrigerantes) es estrictamente bajo su propio riesgo.&nbsp;torrington refrigerantes no ser\u00e1 responsable de ninguna p\u00e9rdida y \/ o da\u00f1o relacionado con el uso de nuestro sitio web.<o:p><\/o:p><\/span><\/p><p style=\"margin: 0cm 0cm 15pt; background-image: initial; background-position: initial; background-size: initial; background-repeat: initial; background-attachment: initial; background-origin: initial; background-clip: initial; box-sizing: border-box;\"><span style=\"font-size:10.5pt;font-family:\" helvetica=\"\" neue\",\"sans-serif\";color:#666666\"=\"\">Desde nuestro sitio web, puede visitar otros sitios web siguiendo hiperv\u00ednculos a dichos sitios externos.&nbsp;Si bien nos esforzamos por proporcionar solo enlaces de calidad a sitios web \u00fatiles y \u00e9ticos, no tenemos control sobre el contenido y la naturaleza de estos sitios.&nbsp;Estos enlaces a otros sitios web no implican una recomendaci\u00f3n para todo el contenido que se encuentra en estos sitios.&nbsp;Los propietarios del sitio y el contenido pueden cambiar sin previo aviso y pueden ocurrir antes de que tengamos la oportunidad de eliminar un enlace que puede haber resultado\"malo\".<o:p><\/o:p><\/span><\/p><p style=\"margin: 0cm 0cm 15pt; background-image: initial; background-position: initial; background-size: initial; background-repeat: initial; background-attachment: initial; background-origin: initial; background-clip: initial; box-sizing: border-box;\"><span style=\"font-size:10.5pt;font-family:\" helvetica=\"\" neue\",\"sans-serif\";color:#666666\"=\"\">Tenga en cuenta tambi\u00e9n que cuando abandona nuestro sitio web,otros sitios pueden tener pol\u00edticas y t\u00e9rminos de privacidad diferentes que est\u00e1n fuera de nuestro control.&nbsp;Aseg\u00farese de consultar las Pol\u00edticas de privacidad de estos sitios, as\u00ed como sus \"T\u00e9rminos de servicio\" antes de realizar cualquier negocio o cargar cualquier informaci\u00f3n.<o:p><\/o:p><\/span><\/p><h2 style=\"margin: 0cm 0cm 13.5pt; background-image: initial; background-position: initial; background-size: initial; background-repeat: initial; background-attachment: initial; background-origin: initial; background-clip: initial; box-sizing: border-box;\"><span style=\"font-size:12.0pt;font-family:\" helvetica=\"\" neue\",\"sans-serif\";color:#666666;font-weight:normal\"=\"\">Consentimiento<o:p><\/o:p><\/span><\/h2><p style=\"margin: 0cm 0cm 15pt; background-image: initial; background-position: initial; background-size: initial; background-repeat: initial; background-attachment: initial; background-origin: initial; background-clip: initial; box-sizing: border-box;\"><span style=\"font-size:10.5pt;font-family:\" helvetica=\"\" neue\",\"sans-serif\";color:#666666\"=\"\">Al usar nuestro sitio web, usted acepta nuestro descargo de responsabilidad y acepta sus t\u00e9rminos.<o:p><\/o:p><\/span><\/p><h2 style=\"margin: 0cm 0cm 13.5pt; background-image: initial; background-position: initial; background-size: initial; background-repeat: initial; background-attachment: initial; background-origin: initial; background-clip: initial; box-sizing: border-box;\"><span style=\"font-size:12.0pt;font-family:\" helvetica=\"\" neue\",\"sans-serif\";color:#666666;font-weight:normal\"=\"\">Actualizar<o:p><\/o:p><\/span><\/h2><p><\/p><p style=\"margin: 0cm 0cm 15pt; background-image: initial; background-position: initial; background-size: initial; background-repeat: initial; background-attachment: initial; background-origin: initial; background-clip: initial; box-sizing: border-box;\"><span style=\"font-size:10.5pt;font-family:\" helvetica=\"\" neue\",\"sans-serif\";color:#666666\"=\"\">En caso de que actualicemos, modifiquemos o realicemos cambios en este documento, dichos cambios se publicar<\/span><span style=\"font-size:10.5pt;font-family:\" calibri\",\"sans-serif\";color:#666666\"=\"\">\u00e1<\/span><span style=\"font-size:10.5pt;font-family:\" helvetica=\"\" neue\",\"sans-serif\";color:#666666\"=\"\">n de manera destacada aqu<\/span><span style=\"font-size:10.5pt;font-family:\" calibri\",\"sans-serif\";color:#666666\"=\"\">\u00ed<\/span><span style=\"font-size:10.5pt;font-family:\" helvetica=\"\" neue\",\"sans-serif\";color:#666666\"=\"\">.<o:p><\/o:p><\/span><\/p>","protected":false},"excerpt":{"rendered":"<p>Si necesita m\u00e1s informaci\u00f3n o tiene alguna pregunta sobre el descargo de responsabilidad de nuestro sitio, no dude en contactarnos&hellip; <a class=\"read-more\" href=\"https:\/\/torrington.com.ar\/blog\/descargoresponsabilidad\/\">Continue Reading<\/a><\/p>\n","protected":false},"author":1,"featured_media":0,"parent":0,"menu_order":0,"comment_status":"closed","ping_status":"closed","template":"","meta":{"_mi_skip_tracking":false},"yoast_head":"<!-- This site is optimized with the Yoast SEO plugin v19.9 - https:\/\/yoast.com\/wordpress\/plugins\/seo\/ -->\n<title>Descargo de Responsabilidad | Torrington Refrigerantes<\/title>\n<meta name=\"robots\" content=\"index, follow, max-snippet:-1, max-image-preview:large, max-video-preview:-1\" \/>\n<link rel=\"canonical\" href=\"https:\/\/torrington.com.ar\/blog\/descargoresponsabilidad\/\" \/>\n<meta property=\"og:locale\" content=\"es_ES\" \/>\n<meta property=\"og:type\" content=\"article\" \/>\n<meta property=\"og:title\" content=\"Descargo de Responsabilidad | Torrington Refrigerantes\" \/>\n<meta property=\"og:description\" content=\"Si necesita m\u00e1s informaci\u00f3n o tiene alguna pregunta sobre el descargo de responsabilidad de nuestro sitio, no dude en contactarnos&hellip; Continue Reading\" \/>\n<meta property=\"og:url\" content=\"https:\/\/torrington.com.ar\/blog\/descargoresponsabilidad\/\" \/>\n<meta property=\"og:site_name\" content=\"Torrington Refrigerantes\" \/>\n<meta property=\"article:publisher\" content=\"https:\/\/www.facebook.com\/Torringtonrefrigerantes\/\" \/>\n<meta property=\"article:modified_time\" content=\"2020-04-11T15:38:30+00:00\" \/>\n<meta name=\"twitter:card\" content=\"summary_large_image\" \/>\n<script type=\"application\/ld+json\" class=\"yoast-schema-graph\">{\"@context\":\"https:\/\/schema.org\",\"@graph\":[{\"@type\":\"WebPage\",\"@id\":\"https:\/\/torrington.com.ar\/blog\/en\/descargoresponsabilidad\/\",\"url\":\"https:\/\/torrington.com.ar\/blog\/en\/descargoresponsabilidad\/\",\"name\":\"Descargo de Responsabilidad | Torrington Refrigerantes\",\"isPartOf\":{\"@id\":\"https:\/\/torrington.com.ar\/blog\/#website\"},\"datePublished\":\"2020-04-11T15:35:52+00:00\",\"dateModified\":\"2020-04-11T15:38:30+00:00\",\"breadcrumb\":{\"@id\":\"https:\/\/torrington.com.ar\/blog\/en\/descargoresponsabilidad\/#breadcrumb\"},\"inLanguage\":\"es-AR\",\"potentialAction\":[{\"@type\":\"ReadAction\",\"target\":[\"https:\/\/torrington.com.ar\/blog\/en\/descargoresponsabilidad\/\"]}]},{\"@type\":\"BreadcrumbList\",\"@id\":\"https:\/\/torrington.com.ar\/blog\/en\/descargoresponsabilidad\/#breadcrumb\",\"itemListElement\":[{\"@type\":\"ListItem\",\"position\":1,\"name\":\"Portada\",\"item\":\"https:\/\/torrington.com.ar\/blog\/\"},{\"@type\":\"ListItem\",\"position\":2,\"name\":\"Descargo de Responsabilidad\"}]},{\"@type\":\"WebSite\",\"@id\":\"https:\/\/torrington.com.ar\/blog\/#website\",\"url\":\"https:\/\/torrington.com.ar\/blog\/\",\"name\":\"Torrington Refrigerantes\",\"description\":\"Bienvenidos a nuestro Blog\",\"publisher\":{\"@id\":\"https:\/\/torrington.com.ar\/blog\/#organization\"},\"potentialAction\":[{\"@type\":\"SearchAction\",\"target\":{\"@type\":\"EntryPoint\",\"urlTemplate\":\"https:\/\/torrington.com.ar\/blog\/?s={search_term_string}\"},\"query-input\":\"required name=search_term_string\"}],\"inLanguage\":\"es-AR\"},{\"@type\":\"Organization\",\"@id\":\"https:\/\/torrington.com.ar\/blog\/#organization\",\"name\":\"Torrington Refrigerantes\",\"url\":\"https:\/\/torrington.com.ar\/blog\/\",\"logo\":{\"@type\":\"ImageObject\",\"inLanguage\":\"es-AR\",\"@id\":\"https:\/\/torrington.com.ar\/blog\/#\/schema\/logo\/image\/\",\"url\":\"https:\/\/i0.wp.com\/torrington.com.ar\/blog\/wp-content\/uploads\/2019\/08\/torrington.jpg?fit=240%2C240&ssl=1\",\"contentUrl\":\"https:\/\/i0.wp.com\/torrington.com.ar\/blog\/wp-content\/uploads\/2019\/08\/torrington.jpg?fit=240%2C240&ssl=1\",\"width\":240,\"height\":240,\"caption\":\"Torrington Refrigerantes\"},\"image\":{\"@id\":\"https:\/\/torrington.com.ar\/blog\/#\/schema\/logo\/image\/\"},\"sameAs\":[\"https:\/\/www.instagram.com\/torrington.refrigerantes\/\",\"https:\/\/www.facebook.com\/Torringtonrefrigerantes\/\"]}]}<\/script>\n<!-- \/ Yoast SEO plugin. -->","yoast_head_json":{"title":"Descargo de Responsabilidad | Torrington Refrigerantes","robots":{"index":"index","follow":"follow","max-snippet":"max-snippet:-1","max-image-preview":"max-image-preview:large","max-video-preview":"max-video-preview:-1"},"canonical":"https:\/\/torrington.com.ar\/blog\/descargoresponsabilidad\/","og_locale":"es_ES","og_type":"article","og_title":"Descargo de Responsabilidad | Torrington Refrigerantes","og_description":"Si necesita m\u00e1s informaci\u00f3n o tiene alguna pregunta sobre el descargo de responsabilidad de nuestro sitio, no dude en contactarnos&hellip; Continue Reading","og_url":"https:\/\/torrington.com.ar\/blog\/descargoresponsabilidad\/","og_site_name":"Torrington Refrigerantes","article_publisher":"https:\/\/www.facebook.com\/Torringtonrefrigerantes\/","article_modified_time":"2020-04-11T15:38:30+00:00","twitter_card":"summary_large_image","schema":{"@context":"https:\/\/schema.org","@graph":[{"@type":"WebPage","@id":"https:\/\/torrington.com.ar\/blog\/en\/descargoresponsabilidad\/","url":"https:\/\/torrington.com.ar\/blog\/en\/descargoresponsabilidad\/","name":"Descargo de Responsabilidad | Torrington Refrigerantes","isPartOf":{"@id":"https:\/\/torrington.com.ar\/blog\/#website"},"datePublished":"2020-04-11T15:35:52+00:00","dateModified":"2020-04-11T15:38:30+00:00","breadcrumb":{"@id":"https:\/\/torrington.com.ar\/blog\/en\/descargoresponsabilidad\/#breadcrumb"},"inLanguage":"es-AR","potentialAction":[{"@type":"ReadAction","target":["https:\/\/torrington.com.ar\/blog\/en\/descargoresponsabilidad\/"]}]},{"@type":"BreadcrumbList","@id":"https:\/\/torrington.com.ar\/blog\/en\/descargoresponsabilidad\/#breadcrumb","itemListElement":[{"@type":"ListItem","position":1,"name":"Portada","item":"https:\/\/torrington.com.ar\/blog\/"},{"@type":"ListItem","position":2,"name":"Descargo de Responsabilidad"}]},{"@type":"WebSite","@id":"https:\/\/torrington.com.ar\/blog\/#website","url":"https:\/\/torrington.com.ar\/blog\/","name":"Torrington Refrigerantes","description":"Bienvenidos a nuestro Blog","publisher":{"@id":"https:\/\/torrington.com.ar\/blog\/#organization"},"potentialAction":[{"@type":"SearchAction","target":{"@type":"EntryPoint","urlTemplate":"https:\/\/torrington.com.ar\/blog\/?s={search_term_string}"},"query-input":"required name=search_term_string"}],"inLanguage":"es-AR"},{"@type":"Organization","@id":"https:\/\/torrington.com.ar\/blog\/#organization","name":"Torrington Refrigerantes","url":"https:\/\/torrington.com.ar\/blog\/","logo":{"@type":"ImageObject","inLanguage":"es-AR","@id":"https:\/\/torrington.com.ar\/blog\/#\/schema\/logo\/image\/","url":"https:\/\/i0.wp.com\/torrington.com.ar\/blog\/wp-content\/uploads\/2019\/08\/torrington.jpg?fit=240%2C240&ssl=1","contentUrl":"https:\/\/i0.wp.com\/torrington.com.ar\/blog\/wp-content\/uploads\/2019\/08\/torrington.jpg?fit=240%2C240&ssl=1","width":240,"height":240,"caption":"Torrington Refrigerantes"},"image":{"@id":"https:\/\/torrington.com.ar\/blog\/#\/schema\/logo\/image\/"},"sameAs":["https:\/\/www.instagram.com\/torrington.refrigerantes\/","https:\/\/www.facebook.com\/Torringtonrefrigerantes\/"]}]}},"_links":{"self":[{"href":"https:\/\/torrington.com.ar\/blog\/wp-json\/wp\/v2\/pages\/557"}],"collection":[{"href":"https:\/\/torrington.com.ar\/blog\/wp-json\/wp\/v2\/pages"}],"about":[{"href":"https:\/\/torrington.com.ar\/blog\/wp-json\/wp\/v2\/types\/page"}],"author":[{"embeddable":true,"href":"https:\/\/torrington.com.ar\/blog\/wp-json\/wp\/v2\/users\/1"}],"replies":[{"embeddable":true,"href":"https:\/\/torrington.com.ar\/blog\/wp-json\/wp\/v2\/comments?post=557"}],"version-history":[{"count":1,"href":"https:\/\/torrington.com.ar\/blog\/wp-json\/wp\/v2\/pages\/557\/revisions"}],"predecessor-version":[{"id":558,"href":"https:\/\/torrington.com.ar\/blog\/wp-json\/wp\/v2\/pages\/557\/revisions\/558"}],"wp:attachment":[{"href":"https:\/\/torrington.com.ar\/blog\/wp-json\/wp\/v2\/media?parent=557"}],"curies":[{"name":"wp","href":"https:\/\/api.w.org\/{rel}","templated":true}]}}